{"id":126,"date":"2018-03-01T22:43:07","date_gmt":"2018-03-01T21:43:07","guid":{"rendered":"http:\/\/iska-marina.fr\/?page_id=126"},"modified":"2026-01-04T19:52:36","modified_gmt":"2026-01-04T18:52:36","slug":"amis-et-partenaires","status":"publish","type":"page","link":"https:\/\/iska-marina.fr\/index.php\/amis-et-partenaires\/","title":{"rendered":"Amis et partenaires"},"content":{"rendered":"\n<p><\/p>\n\n\n\n<h3 class=\"wp-block-heading has-text-align-center\"><span style=\"color: #ff6600;\"><strong>Autres fermes des copains du coin !<\/strong><\/span><\/h3>\n\n\n\n<p class=\"has-text-align-center\"><span style=\"color: #ff9900;\"><strong><a style=\"color: #ff9900;\" href=\"https:\/\/christelle-bouty-bibard-la-ferme-du-plantey.jimdosite.com\/\" target=\"_blank\" rel=\"noopener noreferrer\"><span style=\"color: #ff6600;\">Les L\u00e9gumes de Christelle&nbsp;<\/span><\/a>\u00e0 la ferme du Plantey<\/strong><\/span><br><span style=\"color: #333333;\">En paniers ou sur le march\u00e9 de Casteljaloux.<\/span><br><span style=\"color: #333333;\">Plantey, 47250 Labastide-Castel-Amouroux<\/span><\/p>\n\n\n\n<p class=\"has-text-align-center\"><span style=\"color: #ff6600;\"><a style=\"color: #ff6600;\" href=\"https:\/\/www.facebook.com\/FermeBrasserieMoustous\/\" target=\"_blank\" rel=\"noopener noreferrer\"><strong>La Ferme Brasserie Moustous<\/strong><\/a><\/span><br><span style=\"color: #333333;\">Lucie et Vincent y brassent de bonnes bi\u00e8res artisanales, mais pas que&#8230;&nbsp;<br>Beauregard, 33690 Cours-les-Bains<\/span><\/p>\n\n\n\n<p class=\"has-text-align-center\"><span style=\"color: #008080;\"><strong><span style=\"color: #ff6600;\"><a style=\"color: #ff6600;\" href=\"https:\/\/www.facebook.com\/porcsgascons\/\" target=\"_blank\" rel=\"noopener noreferrer\">Les Porcs Gascons en plein air<\/a><\/span><br><\/strong><\/span><span style=\"color: #333333;\">Des cochons (bien) \u00e9lev\u00e9s par Claire.<\/span><br><span style=\"color: #333333;\">Jacquet, 47700 Antagnac<\/span><\/p>\n\n\n\n<p class=\"has-text-align-center\"><span style=\"color: #ff6600;\"><a style=\"color: #ff6600;\" href=\"https:\/\/www.facebook.com\/domaine.glayroux\" target=\"_blank\" rel=\"noopener noreferrer\"><strong>Le Domaine de Glayroux<\/strong><\/a><\/span><br><span style=\"color: #333333;\">Du vin bien s\u00fbr mais aussi de la farine&#8230;et m\u00eame le grain qu&rsquo;on donne \u00e0 nos poules ! <\/span><br><span style=\"color: #333333;\">Tout \u00e7a pr\u00e9par\u00e9 par Isaline et Jean-Phi.<\/span><br><span style=\"color: #333333;\">Glayroux, 33690 Sigalens<\/span><\/p>\n\n\n\n<p class=\"has-text-align-center\"><span style=\"color: #ff6600;\"><a style=\"color: #ff6600;\" href=\"https:\/\/facebook.com\/assolabrize\/\" target=\"_blank\" rel=\"noopener noreferrer\"><strong>Les plantes de Colette<\/strong><\/a><\/span><\/p>\n\n\n\n<p class=\"has-text-align-center\"><span style=\"color: #000000;\">Des hydrolats, huiles essentielles, mac\u00e9r\u00e2ts, etc. Il y en a pour tous soins ! <span style=\"font-size: inherit;\">Aux Bordes, 47700 Saint Martin de Curton<\/span><\/span><\/p>\n\n\n\n<p><\/p>\n\n\n\n<h3 class=\"wp-block-heading has-text-align-center\"><span style=\"color: #808000;\"><strong>Les r\u00e9seaux associatifs auxquels nous adh\u00e9rons :<\/strong><\/span><\/h3>\n\n\n\n<p class=\"has-text-align-center\"><span style=\"color: #008000;\"><strong><span style=\"color: #808000;\"><a style=\"color: #808000;\" href=\"https:\/\/www.bionouvelleaquitaine.com\/adherents\/agrobio-47\/\" target=\"_blank\" rel=\"noopener noreferrer\">Agrobio 47<\/a> (R\u00e9seau <a style=\"color: #808000;\" href=\"https:\/\/www.bionouvelleaquitaine.com\/\" target=\"_blank\" rel=\"noopener noreferrer\">Bio Nouvelle Aquitaine<\/a> &#8211; <a style=\"color: #808000;\" href=\"http:\/\/www.fnab.org\/\" target=\"_blank\" rel=\"noopener noreferrer\">FNAB<\/a>)<\/span><br><\/strong><\/span><span style=\"color: #333333;\">L&rsquo;association des producteurs bio du Lot-et-Garonne.<\/span><\/p>\n\n\n\n<p class=\"has-text-align-center\"><span style=\"color: #808000;\"><a style=\"color: #808000;\" href=\"https:\/\/www.interafocg.org\/afocg33\" target=\"_blank\" rel=\"noopener noreferrer\"><strong>AFOCG 33<\/strong><\/a><\/span><br><span style=\"color: #333333;\">L&rsquo;Association de FOrmation Collective \u00e0 la Gestion de Gironde.<\/span><\/p>\n\n\n\n<p class=\"has-text-align-center\"><span style=\"color: #808000;\"><strong style=\"color: #808000;\"><a style=\"color: #808000;\" href=\"https:\/\/www.racesaquitaine.fr\/\" target=\"_blank\" rel=\"noopener noreferrer\">Le Conservatoire des Races d&rsquo;Aquitaine<\/a><br><\/strong><\/span><\/p>\n\n\n<div class=\"wp-block-image\">\n<figure class=\"aligncenter\"><a href=\"https:\/\/www.racesaquitaine.fr\/La-Ferme-d-Iska-et-Marina\" target=\"_blank\" rel=\"noopener\"><img loading=\"lazy\" decoding=\"async\" width=\"716\" height=\"1024\" data-attachment-id=\"1437\" data-permalink=\"https:\/\/iska-marina.fr\/index.php\/amis-et-partenaires\/screenshot_20210409-080347\/\" data-orig-file=\"https:\/\/iska-marina.fr\/wp-content\/uploads\/2021\/04\/Screenshot_20210409-080347.png\" data-orig-size=\"1072,1533\" data-comments-opened=\"1\" data-image-meta=\"{&quot;aperture&quot;:&quot;0&quot;,&quot;credit&quot;:&quot;&quot;,&quot;camera&quot;:&quot;&quot;,&quot;caption&quot;:&quot;&quot;,&quot;created_timestamp&quot;:&quot;0&quot;,&quot;copyright&quot;:&quot;&quot;,&quot;focal_length&quot;:&quot;0&quot;,&quot;iso&quot;:&quot;0&quot;,&quot;shutter_speed&quot;:&quot;0&quot;,&quot;title&quot;:&quot;&quot;,&quot;orientation&quot;:&quot;0&quot;}\" data-image-title=\"Screenshot_20210409-080347\" data-image-description=\"\" data-image-caption=\"\" data-medium-file=\"https:\/\/iska-marina.fr\/wp-content\/uploads\/2021\/04\/Screenshot_20210409-080347-210x300.png\" data-large-file=\"https:\/\/iska-marina.fr\/wp-content\/uploads\/2021\/04\/Screenshot_20210409-080347-716x1024.png\" src=\"https:\/\/iska-marina.fr\/wp-content\/uploads\/2021\/04\/Screenshot_20210409-080347-716x1024.png\" alt=\"\" class=\"wp-image-1437\" srcset=\"https:\/\/iska-marina.fr\/wp-content\/uploads\/2021\/04\/Screenshot_20210409-080347-716x1024.png 716w, https:\/\/iska-marina.fr\/wp-content\/uploads\/2021\/04\/Screenshot_20210409-080347-210x300.png 210w, https:\/\/iska-marina.fr\/wp-content\/uploads\/2021\/04\/Screenshot_20210409-080347-768x1098.png 768w, https:\/\/iska-marina.fr\/wp-content\/uploads\/2021\/04\/Screenshot_20210409-080347-1024x1464.png 1024w, https:\/\/iska-marina.fr\/wp-content\/uploads\/2021\/04\/Screenshot_20210409-080347-755x1080.png 755w, https:\/\/iska-marina.fr\/wp-content\/uploads\/2021\/04\/Screenshot_20210409-080347.png 1072w\" sizes=\"(max-width: 716px) 100vw, 716px\" \/><\/a><\/figure><\/div>\n\n\n<p class=\"has-text-align-center\"><span style=\"color: #808000;\"><strong style=\"color: #808000;\">&nbsp;<\/strong><\/span><\/p>\n\n\n\n<p class=\"has-text-align-center\"><span style=\"color: #808000;\"><a href=\"https:\/\/patures-et-papilles.fr\/\" target=\"_blank\" rel=\"noreferrer noopener\"><strong>L\u2019<b>Association pour le D\u00e9veloppement et la Valorisation de l\u2019\u00c9levage \u00e0 l\u2019Herbe<\/b> (ADVEH)<\/strong><\/a><\/span><br><span style=\"color: #333333;\">Association d&rsquo;\u00e9leveurs pour le l<\/span>abel engag\u00e9 et exigeant, d&rsquo;\u00e9levage bio et 100% herbe, <a href=\"https:\/\/patures-et-papilles.fr\/\" target=\"_blank\" rel=\"noreferrer noopener\"><em><strong>P\u00e2tures &amp; Papilles.<\/strong><\/em><\/a><\/p>\n\n\n<div class=\"wp-block-image\">\n<figure class=\"aligncenter size-large is-resized\"><a href=\"https:\/\/patures-et-papilles.fr\/\" target=\"_blank\" rel=\"noopener\"><img decoding=\"async\" src=\"https:\/\/patures-et-papilles.fr\/wp-content\/uploads\/2022\/02\/logotype-et-de%CC%81clinaisons_Bleu-fonce%CC%81.png\" alt=\"\" style=\"width:216px;height:auto\"\/><\/a><\/figure><\/div>\n\n\n<iframe loading=\"lazy\" src=\"https:\/\/www.facebook.com\/plugins\/video.php?height=476&amp;href=https%3A%2F%2Fwww.facebook.com%2FPaturesetPapilles%2Fvideos%2F585865249477500%2F&amp;show_text=true&amp;width=476&amp;t=0\" width=\"476\" height=\"591\" style=\"border:none;overflow:hidden\" scrolling=\"no\" frameborder=\"0\" allowfullscreen=\"true\" allow=\"autoplay; clipboard-write; encrypted-media; picture-in-picture; web-share\"><\/iframe>\n\n\n\n<h3 class=\"wp-block-heading has-text-align-center\"><span style=\"color: #993300;\"><strong>Autres partenaires :<\/strong><\/span><\/h3>\n\n\n\n<p class=\"has-text-align-center\"><strong><a href=\"https:\/\/lafermedesfilles.fr\/restaurant-la-terrasse\/\" target=\"_blank\" rel=\"noreferrer noopener\"><mark style=\"background-color:rgba(0, 0, 0, 0)\" class=\"has-inline-color has-vivid-red-color\">Restaurant La Terrasse de la Ferme<\/mark><\/a><\/strong><\/p>\n\n\n\n<p class=\"has-text-align-center\">A la Ferme des filles, \u00e0 Captieux, dans le cadre sympathique de l&rsquo;airial, Martha au service et Romain au fourneau, vous serviront uniquement du bio, local et de saison, et aussi notre viande ! <\/p>\n\n\n\n<p class=\"has-text-align-center\"><span style=\"color: #993300;\"><a style=\"color: #993300;\" href=\"https:\/\/le-grangousier-langon.eatbu.com\/\" target=\"_blank\" rel=\"noopener noreferrer\"><strong>Restaurant Le Grangousier<\/strong><\/a><\/span><br><span style=\"color: #333333;\">C\u00e9lia et Arthur concoctent une cuisine locale et de saison et proposent notre viande !<\/span><\/p>\n\n\n\n<p class=\"has-text-align-center\"><span style=\"color: #993300;\"><strong><a style=\"color: #993300;\" href=\"http:\/\/innov-eco2.fr\/\" target=\"_blank\" rel=\"noopener noreferrer\">Innov-Eco\u00b2<\/a><br><\/strong><span style=\"color: #333333;\">Xavier Barrat nous accompagne sur la gestion du p\u00e2turage tournant dynamique entre autres<\/span>.<br><\/span><\/p>\n\n\n\n<p class=\"has-text-align-center\"><strong><span style=\"color: #993300;\"><a href=\"https:\/\/certificat.ecocert.com\/entreprise\/263F338C-D4DA-497D-B7C2-1DDCF2CBCEC5\" target=\"_blank\" rel=\"noreferrer noopener\">Ecocert<\/a> <\/span><\/strong><br><span style=\"color: #333333;\">Notre organisme certificateur en Agriculture Biologique. Ici notre<\/span><span style=\"font-size: inherit;\">\u00a0<a href=\"https:\/\/certificat.ecocert.com\/entreprise\/263F338C-D4DA-497D-B7C2-1DDCF2CBCEC5\" target=\"_blank\" rel=\"noreferrer noopener\">certificat<\/a> !<\/span><\/p>\n\n\n<div class=\"wp-block-image\">\n<figure class=\"aligncenter\"><img loading=\"lazy\" decoding=\"async\" width=\"300\" height=\"165\" data-attachment-id=\"1356\" data-permalink=\"https:\/\/iska-marina.fr\/index.php\/produits\/logoab_eurofeuille_biologique\/\" data-orig-file=\"https:\/\/iska-marina.fr\/wp-content\/uploads\/2020\/11\/logoab_eurofeuille_biologique.png\" data-orig-size=\"1107,609\" data-comments-opened=\"1\" data-image-meta=\"{&quot;aperture&quot;:&quot;0&quot;,&quot;credit&quot;:&quot;&quot;,&quot;camera&quot;:&quot;&quot;,&quot;caption&quot;:&quot;&quot;,&quot;created_timestamp&quot;:&quot;0&quot;,&quot;copyright&quot;:&quot;&quot;,&quot;focal_length&quot;:&quot;0&quot;,&quot;iso&quot;:&quot;0&quot;,&quot;shutter_speed&quot;:&quot;0&quot;,&quot;title&quot;:&quot;&quot;,&quot;orientation&quot;:&quot;0&quot;}\" data-image-title=\"logoab_eurofeuille_biologique\" data-image-description=\"\" data-image-caption=\"\" data-medium-file=\"https:\/\/iska-marina.fr\/wp-content\/uploads\/2020\/11\/logoab_eurofeuille_biologique-300x165.png\" data-large-file=\"https:\/\/iska-marina.fr\/wp-content\/uploads\/2020\/11\/logoab_eurofeuille_biologique-1024x563.png\" src=\"https:\/\/iska-marina.fr\/wp-content\/uploads\/2020\/11\/logoab_eurofeuille_biologique-300x165.png\" alt=\"\" class=\"wp-image-1356\" srcset=\"https:\/\/iska-marina.fr\/wp-content\/uploads\/2020\/11\/logoab_eurofeuille_biologique-300x165.png 300w, https:\/\/iska-marina.fr\/wp-content\/uploads\/2020\/11\/logoab_eurofeuille_biologique-1024x563.png 1024w, https:\/\/iska-marina.fr\/wp-content\/uploads\/2020\/11\/logoab_eurofeuille_biologique-768x423.png 768w, https:\/\/iska-marina.fr\/wp-content\/uploads\/2020\/11\/logoab_eurofeuille_biologique.png 1107w\" sizes=\"(max-width: 300px) 100vw, 300px\" \/><\/figure><\/div>\n\n\n<p class=\"has-text-align-center\"><span style=\"color: #993300;\"><strong><span style=\"color: #993300;\">Abattage et D\u00e9coupe<\/span><br><\/strong><\/span><span style=\"color: #333333;\">Nous souhaitons travailler au plus proche, \u00e0 savoir les ateliers d&rsquo;abattage et de d\u00e9coupe de Bazas.<\/span><\/p>\n\n\n\n<p class=\"has-text-align-center\"><strong><span style=\"color: #993300;\">Communes<br><\/span><\/strong><span style=\"color: #333333;\">Nos animaux p\u00e2turent sur les communes de <br><\/span><span style=\"color: #333333;\"><a style=\"color: #333333;\" href=\"http:\/\/www.saintmartindecurton.fr\" target=\"_blank\" rel=\"noopener noreferrer\"><span style=\"color: #993300;\">Saint-Martin-de-Curton<\/span>,<\/a> Antagnac, Beauziac, Poussignac, Argenton et Grignols.<\/span><\/p>\n\n\n\n<p class=\"has-text-align-center\"><strong><span style=\"color: #993300;\">Collectivit\u00e9s territoriales qui ont soutenu notre projet<\/span><\/strong><br><span style=\"color: #333333;\"><a style=\"color: #333333;\" href=\"http:\/\/www.cc-coteaux-landes-gascogne.fr\/\" target=\"_blank\" rel=\"noopener noreferrer\">La Communaut\u00e9 de Communes des Coteaux et Landes de Gascogne<\/a><br><a style=\"color: #333333;\" href=\"http:\/\/www.lotetgaronne.fr\/\" target=\"_blank\" rel=\"noopener noreferrer\">Le Conseil D\u00e9partemental du Lot-et-Garonne<\/a><br>La <\/span><strong><span style=\"color: #333333;\">R\u00e9gion Nouvelle-Aquitaine et les fonds FEADER<\/span> de l&rsquo;Union europ\u00e9enne<\/strong> co-financent nos aides aux races menac\u00e9es et en conservation : la brebis Landaise et la vache Bordelaise.<\/p>\n\n\n<div class=\"wp-block-image\">\n<figure class=\"aligncenter size-full is-resized\"><img loading=\"lazy\" decoding=\"async\" width=\"721\" height=\"339\" data-attachment-id=\"1925\" data-permalink=\"https:\/\/iska-marina.fr\/index.php\/amis-et-partenaires\/image-3\/\" data-orig-file=\"https:\/\/iska-marina.fr\/wp-content\/uploads\/2024\/05\/image.png\" data-orig-size=\"721,339\" data-comments-opened=\"1\" data-image-meta=\"{&quot;aperture&quot;:&quot;0&quot;,&quot;credit&quot;:&quot;&quot;,&quot;camera&quot;:&quot;&quot;,&quot;caption&quot;:&quot;&quot;,&quot;created_timestamp&quot;:&quot;0&quot;,&quot;copyright&quot;:&quot;&quot;,&quot;focal_length&quot;:&quot;0&quot;,&quot;iso&quot;:&quot;0&quot;,&quot;shutter_speed&quot;:&quot;0&quot;,&quot;title&quot;:&quot;&quot;,&quot;orientation&quot;:&quot;0&quot;}\" data-image-title=\"image\" data-image-description=\"\" data-image-caption=\"\" data-medium-file=\"https:\/\/iska-marina.fr\/wp-content\/uploads\/2024\/05\/image-300x141.png\" data-large-file=\"https:\/\/iska-marina.fr\/wp-content\/uploads\/2024\/05\/image.png\" src=\"https:\/\/iska-marina.fr\/wp-content\/uploads\/2024\/05\/image.png\" alt=\"\" class=\"wp-image-1925\" style=\"width:393px;height:auto\" srcset=\"https:\/\/iska-marina.fr\/wp-content\/uploads\/2024\/05\/image.png 721w, https:\/\/iska-marina.fr\/wp-content\/uploads\/2024\/05\/image-300x141.png 300w\" sizes=\"(max-width: 721px) 100vw, 721px\" \/><\/figure><\/div>\n\n\n<p class=\"has-text-align-center\"><span style=\"color: #333333;\">Merci \u00e0 tous les<\/span> <strong><span style=\"color: #993300;\">propri\u00e9taires<\/span> <\/strong><span style=\"color: #333333;\">qui nous confient leurs terrains.<\/span><br><span style=\"color: #333333;\">Merci \u00e9galement \u00e0 tous les<\/span> <strong><span style=\"color: #993300;\">voisins<\/span> <\/strong><span style=\"color: #333333;\">de nos troupeaux pour leur accueil bienveillant.<\/span><\/p>\n\n\n\n<p class=\"has-text-align-center\"><span style=\"color: #000000;\">Et<\/span> <span style=\"color: #000000;\">enfin<\/span>, <span style=\"color: #000000;\">nous<\/span> <span style=\"color: #000000;\">remercions<\/span> <span style=\"color: #000000;\">les<\/span> <strong><span style=\"color: #800000;\">clients<\/span><\/strong> <span style=\"color: #000000;\">qui<\/span> <span style=\"color: #000000;\">nous<\/span> <span style=\"color: #000000;\">font<\/span> <span style=\"color: #000000;\">confiance !<\/span><\/p>\n\n\n\n<p class=\"has-text-align-center\"><!-- Load Facebook SDK for JavaScript --><\/p>\n\n\n\n<div id=\"fb-root\" style=\"text-align: center;\">&nbsp;<\/div>\n\n\n\n<p class=\"has-text-align-center\"><script>(function(d, s, id) {<br \/>\n  var js, fjs = d.getElementsByTagName(s)[0];<br \/>\n  if (d.getElementById(id)) return;<br \/>\n  js = d.createElement(s); js.id = id;<br \/>\n  js.src = 'https:\/\/connect.facebook.net\/fr_FR\/sdk.js#xfbml=1&version=v2.12&autoLogAppEvents=1';<br \/>\n  fjs.parentNode.insertBefore(js, fjs);<br \/>\n}(document, 'script', 'facebook-jssdk'));<\/script><\/p>\n\n\n\n<p class=\"has-text-align-center\"><!-- Your customer chat code --><\/p>\n\n\n\n<div class=\"fb-customerchat\" style=\"text-align: center;\">&nbsp;<\/div>\n","protected":false},"excerpt":{"rendered":"<p>Autres fermes des copains du coin ! Les L\u00e9gumes de Christelle&nbsp;\u00e0 la ferme du PlanteyEn paniers ou sur le march\u00e9 de Casteljaloux.Plantey, 47250 Labastide-Castel-Amouroux La Ferme Brasserie MoustousLucie et Vincent y brassent de bonnes bi\u00e8res artisanales, mais pas que&#8230;&nbsp;Beauregard, 33690 Cours-les-Bains Les Porcs Gascons en plein airDes cochons (bien) \u00e9lev\u00e9s par Claire.Jacquet, 47700 Antagnac Le&hellip; <br \/> <a class=\"read-more\" href=\"https:\/\/iska-marina.fr\/index.php\/amis-et-partenaires\/\">Lire la suite<\/a><\/p>\n","protected":false},"author":1,"featured_media":1022,"parent":0,"menu_order":0,"comment_status":"closed","ping_status":"closed","template":"","meta":{"_exactmetrics_skip_tracking":false,"_exactmetrics_sitenote_active":false,"_exactmetrics_sitenote_note":"","_exactmetrics_sitenote_category":0,"jetpack_post_was_ever_published":false,"footnotes":""},"class_list":["post-126","page","type-page","status-publish","has-post-thumbnail","hentry"],"jetpack_shortlink":"https:\/\/wp.me\/Paxaf4-22","jetpack_sharing_enabled":true,"_links":{"self":[{"href":"https:\/\/iska-marina.fr\/index.php\/wp-json\/wp\/v2\/pages\/126"}],"collection":[{"href":"https:\/\/iska-marina.fr\/index.php\/wp-json\/wp\/v2\/pages"}],"about":[{"href":"https:\/\/iska-marina.fr\/index.php\/wp-json\/wp\/v2\/types\/page"}],"author":[{"embeddable":true,"href":"https:\/\/iska-marina.fr\/index.php\/wp-json\/wp\/v2\/users\/1"}],"replies":[{"embeddable":true,"href":"https:\/\/iska-marina.fr\/index.php\/wp-json\/wp\/v2\/comments?post=126"}],"version-history":[{"count":12,"href":"https:\/\/iska-marina.fr\/index.php\/wp-json\/wp\/v2\/pages\/126\/revisions"}],"predecessor-version":[{"id":2148,"href":"https:\/\/iska-marina.fr\/index.php\/wp-json\/wp\/v2\/pages\/126\/revisions\/2148"}],"wp:featuredmedia":[{"embeddable":true,"href":"https:\/\/iska-marina.fr\/index.php\/wp-json\/wp\/v2\/media\/1022"}],"wp:attachment":[{"href":"https:\/\/iska-marina.fr\/index.php\/wp-json\/wp\/v2\/media?parent=126"}],"curies":[{"name":"wp","href":"https:\/\/api.w.org\/{rel}","templated":true}]}}